{"id":105,"date":"2021-02-06T18:22:10","date_gmt":"2021-02-06T17:22:10","guid":{"rendered":"http:\/\/atelierfloral-4saisons.com\/?page_id=105"},"modified":"2025-12-20T10:31:46","modified_gmt":"2025-12-20T09:31:46","slug":"mariages","status":"publish","type":"page","link":"https:\/\/atelierfloral-4saisons.com\/index.php\/mariages\/","title":{"rendered":"Mariage"},"content":{"rendered":"\n<p class=\"has-text-align-center\">Des cr\u00e9ations florales sur mesure pour accompagner chaque \u00e9tape de votre mariage avec \u00e9l\u00e9gance et harmonie.<br>Bouquet de mari\u00e9e, boutonni\u00e8res, d\u00e9cor de c\u00e9r\u00e9monie ou compositions de r\u00e9ception, chaque arrangement est pens\u00e9 en accord avec l\u2019ambiance souhait\u00e9e et le rythme des saisons, dans un style classique et raffin\u00e9.<\/p>\n\n\n\n<figure class=\"wp-block-gallery has-nested-images columns-3 is-cropped wp-block-gallery-1 is-layout-flex wp-block-gallery-is-layout-flex\">\n<figure class=\"wp-block-image size-large\"><a href=\"https:\/\/atelierfloral-4saisons.com\/wp-content\/uploads\/2021\/02\/bouquetdemariee.jpg\"><img loading=\"lazy\" decoding=\"async\" width=\"1010\" height=\"1024\" data-id=\"154\" src=\"https:\/\/atelierfloral-4saisons.com\/wp-content\/uploads\/2021\/02\/bouquetdemariee-1010x1024.jpg\" alt=\"bouquet de mari\u00e9e\" class=\"wp-image-154\" srcset=\"https:\/\/atelierfloral-4saisons.com\/wp-content\/uploads\/2021\/02\/bouquetdemariee-1010x1024.jpg 1010w, https:\/\/atelierfloral-4saisons.com\/wp-content\/uploads\/2021\/02\/bouquetdemariee-296x300.jpg 296w, https:\/\/atelierfloral-4saisons.com\/wp-content\/uploads\/2021\/02\/bouquetdemariee-768x779.jpg 768w, https:\/\/atelierfloral-4saisons.com\/wp-content\/uploads\/2021\/02\/bouquetdemariee-1515x1536.jpg 1515w, https:\/\/atelierfloral-4saisons.com\/wp-content\/uploads\/2021\/02\/bouquetdemariee-59x60.jpg 59w, https:\/\/atelierfloral-4saisons.com\/wp-content\/uploads\/2021\/02\/bouquetdemariee.jpg 1744w\" sizes=\"auto, (max-width: 1010px) 100vw, 1010px\" \/><\/a><\/figure>\n\n\n\n<figure class=\"wp-block-image size-large\"><a href=\"https:\/\/atelierfloral-4saisons.com\/wp-content\/uploads\/2021\/05\/centre-table.jpg\"><img loading=\"lazy\" decoding=\"async\" width=\"1024\" height=\"546\" data-id=\"430\" src=\"https:\/\/atelierfloral-4saisons.com\/wp-content\/uploads\/2021\/05\/centre-table-1024x546.jpg\" alt=\"\" class=\"wp-image-430\" srcset=\"https:\/\/atelierfloral-4saisons.com\/wp-content\/uploads\/2021\/05\/centre-table-1024x546.jpg 1024w, https:\/\/atelierfloral-4saisons.com\/wp-content\/uploads\/2021\/05\/centre-table-300x160.jpg 300w, https:\/\/atelierfloral-4saisons.com\/wp-content\/uploads\/2021\/05\/centre-table-768x409.jpg 768w, https:\/\/atelierfloral-4saisons.com\/wp-content\/uploads\/2021\/05\/centre-table-1536x819.jpg 1536w, https:\/\/atelierfloral-4saisons.com\/wp-content\/uploads\/2021\/05\/centre-table-113x60.jpg 113w, https:\/\/atelierfloral-4saisons.com\/wp-content\/uploads\/2021\/05\/centre-table.jpg 1612w\" sizes=\"auto, (max-width: 1024px) 100vw, 1024px\" \/><\/a><\/figure>\n\n\n\n<figure class=\"wp-block-image size-large\"><a href=\"https:\/\/atelierfloral-4saisons.com\/wp-content\/uploads\/2021\/02\/bouquetmariee2.jpg\"><img loading=\"lazy\" decoding=\"async\" width=\"1024\" height=\"814\" data-id=\"162\" src=\"https:\/\/atelierfloral-4saisons.com\/wp-content\/uploads\/2021\/02\/bouquetmariee2-1024x814.jpg\" alt=\"\" class=\"wp-image-162\" srcset=\"https:\/\/atelierfloral-4saisons.com\/wp-content\/uploads\/2021\/02\/bouquetmariee2-1024x814.jpg 1024w, https:\/\/atelierfloral-4saisons.com\/wp-content\/uploads\/2021\/02\/bouquetmariee2-300x239.jpg 300w, https:\/\/atelierfloral-4saisons.com\/wp-content\/uploads\/2021\/02\/bouquetmariee2-768x611.jpg 768w, https:\/\/atelierfloral-4saisons.com\/wp-content\/uploads\/2021\/02\/bouquetmariee2-1536x1222.jpg 1536w, https:\/\/atelierfloral-4saisons.com\/wp-content\/uploads\/2021\/02\/bouquetmariee2-2048x1629.jpg 2048w, https:\/\/atelierfloral-4saisons.com\/wp-content\/uploads\/2021\/02\/bouquetmariee2-75x60.jpg 75w\" sizes=\"auto, (max-width: 1024px) 100vw, 1024px\" \/><\/a><\/figure>\n\n\n\n<figure class=\"wp-block-image size-large\"><a href=\"https:\/\/atelierfloral-4saisons.com\/wp-content\/uploads\/2021\/02\/ornement-voiture-3.jpg\"><img loading=\"lazy\" decoding=\"async\" width=\"865\" height=\"1024\" data-id=\"167\" src=\"https:\/\/atelierfloral-4saisons.com\/wp-content\/uploads\/2021\/02\/ornement-voiture-3-865x1024.jpg\" alt=\"Ornement de voiture\" class=\"wp-image-167\" srcset=\"https:\/\/atelierfloral-4saisons.com\/wp-content\/uploads\/2021\/02\/ornement-voiture-3-865x1024.jpg 865w, https:\/\/atelierfloral-4saisons.com\/wp-content\/uploads\/2021\/02\/ornement-voiture-3-253x300.jpg 253w, https:\/\/atelierfloral-4saisons.com\/wp-content\/uploads\/2021\/02\/ornement-voiture-3-768x909.jpg 768w, https:\/\/atelierfloral-4saisons.com\/wp-content\/uploads\/2021\/02\/ornement-voiture-3-1297x1536.jpg 1297w, https:\/\/atelierfloral-4saisons.com\/wp-content\/uploads\/2021\/02\/ornement-voiture-3-1729x2048.jpg 1729w, https:\/\/atelierfloral-4saisons.com\/wp-content\/uploads\/2021\/02\/ornement-voiture-3-51x60.jpg 51w, https:\/\/atelierfloral-4saisons.com\/wp-content\/uploads\/2021\/02\/ornement-voiture-3.jpg 2020w\" sizes=\"auto, (max-width: 865px) 100vw, 865px\" \/><\/a><\/figure>\n\n\n\n<figure class=\"wp-block-image size-large\"><a href=\"https:\/\/atelierfloral-4saisons.com\/wp-content\/uploads\/2021\/05\/bouquet-mariee.jpg\"><img loading=\"lazy\" decoding=\"async\" width=\"768\" height=\"1024\" data-id=\"429\" src=\"https:\/\/atelierfloral-4saisons.com\/wp-content\/uploads\/2021\/05\/bouquet-mariee-768x1024.jpg\" alt=\"\" class=\"wp-image-429\" srcset=\"https:\/\/atelierfloral-4saisons.com\/wp-content\/uploads\/2021\/05\/bouquet-mariee-768x1024.jpg 768w, https:\/\/atelierfloral-4saisons.com\/wp-content\/uploads\/2021\/05\/bouquet-mariee-225x300.jpg 225w, https:\/\/atelierfloral-4saisons.com\/wp-content\/uploads\/2021\/05\/bouquet-mariee-1152x1536.jpg 1152w, https:\/\/atelierfloral-4saisons.com\/wp-content\/uploads\/2021\/05\/bouquet-mariee-45x60.jpg 45w, https:\/\/atelierfloral-4saisons.com\/wp-content\/uploads\/2021\/05\/bouquet-mariee.jpg 1224w\" sizes=\"auto, (max-width: 768px) 100vw, 768px\" \/><\/a><\/figure>\n\n\n\n<figure class=\"wp-block-image size-large\"><a href=\"https:\/\/atelierfloral-4saisons.com\/wp-content\/uploads\/2021\/02\/ornement-voiture-2-2-scaled.jpg\"><img loading=\"lazy\" decoding=\"async\" width=\"802\" height=\"1024\" data-id=\"151\" src=\"https:\/\/atelierfloral-4saisons.com\/wp-content\/uploads\/2021\/02\/ornement-voiture-2-2-802x1024.jpg\" alt=\"Ornement de voiture\" class=\"wp-image-151\" srcset=\"https:\/\/atelierfloral-4saisons.com\/wp-content\/uploads\/2021\/02\/ornement-voiture-2-2-802x1024.jpg 802w, https:\/\/atelierfloral-4saisons.com\/wp-content\/uploads\/2021\/02\/ornement-voiture-2-2-235x300.jpg 235w, https:\/\/atelierfloral-4saisons.com\/wp-content\/uploads\/2021\/02\/ornement-voiture-2-2-768x981.jpg 768w, https:\/\/atelierfloral-4saisons.com\/wp-content\/uploads\/2021\/02\/ornement-voiture-2-2-1202x1536.jpg 1202w, https:\/\/atelierfloral-4saisons.com\/wp-content\/uploads\/2021\/02\/ornement-voiture-2-2-1603x2048.jpg 1603w, https:\/\/atelierfloral-4saisons.com\/wp-content\/uploads\/2021\/02\/ornement-voiture-2-2-47x60.jpg 47w, https:\/\/atelierfloral-4saisons.com\/wp-content\/uploads\/2021\/02\/ornement-voiture-2-2-scaled.jpg 2004w\" sizes=\"auto, (max-width: 802px) 100vw, 802px\" \/><\/a><\/figure>\n\n\n\n<figure class=\"wp-block-image size-large\"><a href=\"https:\/\/atelierfloral-4saisons.com\/wp-content\/uploads\/2021\/02\/ornement-voiture-2-1-scaled.jpg\"><img loading=\"lazy\" decoding=\"async\" width=\"768\" height=\"1024\" data-id=\"150\" src=\"https:\/\/atelierfloral-4saisons.com\/wp-content\/uploads\/2021\/02\/ornement-voiture-2-1-768x1024.jpg\" alt=\"Ornement de voiture\" class=\"wp-image-150\" srcset=\"https:\/\/atelierfloral-4saisons.com\/wp-content\/uploads\/2021\/02\/ornement-voiture-2-1-768x1024.jpg 768w, https:\/\/atelierfloral-4saisons.com\/wp-content\/uploads\/2021\/02\/ornement-voiture-2-1-225x300.jpg 225w, https:\/\/atelierfloral-4saisons.com\/wp-content\/uploads\/2021\/02\/ornement-voiture-2-1-1152x1536.jpg 1152w, https:\/\/atelierfloral-4saisons.com\/wp-content\/uploads\/2021\/02\/ornement-voiture-2-1-1536x2048.jpg 1536w, https:\/\/atelierfloral-4saisons.com\/wp-content\/uploads\/2021\/02\/ornement-voiture-2-1-scaled.jpg 1920w\" sizes=\"auto, (max-width: 768px) 100vw, 768px\" \/><\/a><\/figure>\n\n\n\n<figure class=\"wp-block-image size-large\"><a href=\"https:\/\/atelierfloral-4saisons.com\/wp-content\/uploads\/2021\/02\/compo04-scaled.jpg\"><img loading=\"lazy\" decoding=\"async\" width=\"385\" height=\"1024\" data-id=\"211\" src=\"https:\/\/atelierfloral-4saisons.com\/wp-content\/uploads\/2021\/02\/compo04-385x1024.jpg\" alt=\"Composition haute - vase cylindrique\" class=\"wp-image-211\" srcset=\"https:\/\/atelierfloral-4saisons.com\/wp-content\/uploads\/2021\/02\/compo04-385x1024.jpg 385w, https:\/\/atelierfloral-4saisons.com\/wp-content\/uploads\/2021\/02\/compo04-113x300.jpg 113w, https:\/\/atelierfloral-4saisons.com\/wp-content\/uploads\/2021\/02\/compo04-768x2042.jpg 768w, https:\/\/atelierfloral-4saisons.com\/wp-content\/uploads\/2021\/02\/compo04-578x1536.jpg 578w, https:\/\/atelierfloral-4saisons.com\/wp-content\/uploads\/2021\/02\/compo04-770x2048.jpg 770w, https:\/\/atelierfloral-4saisons.com\/wp-content\/uploads\/2021\/02\/compo04-23x60.jpg 23w, https:\/\/atelierfloral-4saisons.com\/wp-content\/uploads\/2021\/02\/compo04-scaled.jpg 963w\" sizes=\"auto, (max-width: 385px) 100vw, 385px\" \/><\/a><\/figure>\n<\/figure>\n","protected":false},"excerpt":{"rendered":"<p>Des cr\u00e9ations florales sur mesure pour accompagner chaque \u00e9tape de votre mariage avec \u00e9l\u00e9gance et harmonie.Bouquet de mari\u00e9e, boutonni\u00e8res, d\u00e9cor de c\u00e9r\u00e9monie ou compositions de r\u00e9ception, chaque arrangement est pens\u00e9 en accord avec l\u2019ambiance souhait\u00e9e et le rythme des saisons, dans un style classique et raffin\u00e9.<\/p>\n","protected":false},"author":1,"featured_media":0,"parent":0,"menu_order":0,"comment_status":"closed","ping_status":"closed","template":"","meta":{"_monsterinsights_skip_tracking":false,"_monsterinsights_sitenote_active":false,"_monsterinsights_sitenote_note":"","_monsterinsights_sitenote_category":0,"_uf_show_specific_survey":0,"_uf_disable_surveys":false,"footnotes":""},"class_list":["post-105","page","type-page","status-publish","hentry"],"aioseo_notices":[],"jetpack_sharing_enabled":true,"_links":{"self":[{"href":"https:\/\/atelierfloral-4saisons.com\/index.php\/wp-json\/wp\/v2\/pages\/105","targetHints":{"allow":["GET"]}}],"collection":[{"href":"https:\/\/atelierfloral-4saisons.com\/index.php\/wp-json\/wp\/v2\/pages"}],"about":[{"href":"https:\/\/atelierfloral-4saisons.com\/index.php\/wp-json\/wp\/v2\/types\/page"}],"author":[{"embeddable":true,"href":"https:\/\/atelierfloral-4saisons.com\/index.php\/wp-json\/wp\/v2\/users\/1"}],"replies":[{"embeddable":true,"href":"https:\/\/atelierfloral-4saisons.com\/index.php\/wp-json\/wp\/v2\/comments?post=105"}],"version-history":[{"count":15,"href":"https:\/\/atelierfloral-4saisons.com\/index.php\/wp-json\/wp\/v2\/pages\/105\/revisions"}],"predecessor-version":[{"id":780,"href":"https:\/\/atelierfloral-4saisons.com\/index.php\/wp-json\/wp\/v2\/pages\/105\/revisions\/780"}],"wp:attachment":[{"href":"https:\/\/atelierfloral-4saisons.com\/index.php\/wp-json\/wp\/v2\/media?parent=105"}],"curies":[{"name":"wp","href":"https:\/\/api.w.org\/{rel}","templated":true}]}}